{"id":1672,"date":"2025-09-22T15:20:07","date_gmt":"2025-09-22T13:20:07","guid":{"rendered":"https:\/\/lesvillasdeslacs.fr\/?page_id=1672"},"modified":"2025-10-16T10:20:06","modified_gmt":"2025-10-16T08:20:06","slug":"plan","status":"publish","type":"page","link":"https:\/\/lesvillasdeslacs.fr\/en\/plan\/","title":{"rendered":"Plan"},"content":{"rendered":"<div data-elementor-type=\"wp-page\" data-elementor-id=\"1672\" class=\"elementor elementor-1672\" data-elementor-post-type=\"page\">\n\t\t\t\t<div class=\"elementor-element elementor-element-0d4e2cd e-con-full ta-page e-flex e-con e-parent\" data-id=\"0d4e2cd\" data-element_type=\"container\" data-e-type=\"container\">\n\t\t\t\t<div class=\"elementor-element elementor-element-a7da569 ta-title elementor-widget elementor-widget-heading\" data-id=\"a7da569\" data-element_type=\"widget\" data-e-type=\"widget\" data-widget_type=\"heading.default\">\n\t\t\t\t\t<h1 class=\"elementor-heading-title elementor-size-default\">ACCESS AND MAP\n<br><\/h1>\t\t\t\t<\/div>\n\t\t\t\t<div class=\"elementor-element elementor-element-2d278c7 ta-intro elementor-widget__width-initial elementor-widget elementor-widget-text-editor\" data-id=\"2d278c7\" data-element_type=\"widget\" data-e-type=\"widget\" data-widget_type=\"text-editor.default\">\n\t\t\t\t\t\t\t\t\t<p data-start=\"48\" data-end=\"261\">Consultez le <strong data-start=\"643\" data-end=\"659\">plan d\u2019acc\u00e8s<\/strong> aux <strong data-start=\"664\" data-end=\"683\">Villas des Lacs<\/strong> pr\u00e8s des <strong data-start=\"799\" data-end=\"816\">lacs d\u2019Orient<\/strong>, dans la <strong data-start=\"826\" data-end=\"846\">Champagne \u2013 Aube<\/strong>. Que vous arriviez en voiture depuis Paris ou depuis la r\u00e9gion, ce guide d\u2019acc\u00e8s vous accompagnera<\/p><p data-start=\"48\" data-end=\"261\" class=\"translation-block\">To get to Lesmont (10500), it\u2019s important to know that the village is located in the Aube department, in the Grand Est region, about twenty kilometers east of Troyes and right on the edge of Lake Orient.<\/p><h4 data-start=\"265\" data-end=\"283\"><strong data-start=\"265\" data-end=\"279\">By car<\/strong> :<\/h4><p data-start=\"288\" data-end=\"434\" class=\"translation-block\">From Troyes, take the D960 towards Brienne-le-Ch\u00e2teau, then follow the signs for Lesmont. The trip takes about 30 minutes.<\/p><p data-start=\"439\" data-end=\"597\" class=\"translation-block\">From Paris, take the A5 to exit 22 (Torvilliers), then head towards Troyes. From there, continue as described above. The drive takes about 2 hours.<\/p><h4 data-start=\"601\" data-end=\"773\"><strong data-start=\"601\" data-end=\"613\">By train<\/strong> :<\/h4><p data-start=\"601\" data-end=\"773\">The nearest station is <strong data-start=\"647\" data-end=\"657\">Troyes<\/strong> (Paris\u2013Troyes\u2013Mulhouse line). From there, you\u2019ll need a car, taxi, or regional bus to reach Lesmont.<\/p><h4 data-start=\"777\" data-end=\"940\"><strong data-start=\"777\" data-end=\"787\">By bus<\/strong> :<\/h4><p data-start=\"777\" data-end=\"940\">Intercity coach lines (R\u00e9seau <strong data-start=\"834\" data-end=\"859\">TAC ou Fluo Grand Est<\/strong>) relient Troyes \u00e0 Brienne-le-Ch\u00e2teau, et certains passages desservent Lesmont.<\/p>\t\t\t\t\t\t\t\t<\/div>\n\t\t<div class=\"elementor-element elementor-element-3c33401 e-flex e-con-boxed e-con e-child\" data-id=\"3c33401\" data-element_type=\"container\" data-e-type=\"container\">\n\t\t\t\t\t<div class=\"e-con-inner\">\n\t\t<div class=\"elementor-element elementor-element-71b8958 e-con-full e-flex e-con e-child\" data-id=\"71b8958\" data-element_type=\"container\" data-e-type=\"container\">\n\t\t\t\t<div class=\"elementor-element elementor-element-48db767 elementor-widget elementor-widget-html\" data-id=\"48db767\" data-element_type=\"widget\" data-e-type=\"widget\" data-widget_type=\"html.default\">\n\t\t\t\t\t<!-- ===== Adresse (bloc autonome) ===== -->\n<link href=\"https:\/\/fonts.googleapis.com\/css2?family=Roboto:wght@300;700&display=swap\" rel=\"stylesheet\">\n<style>\n  .addr-block{\n    --gold:#C9A24F;\n    --gold2:#E4C76F;\n    --title:#0F1214;\n    --text:#7A7A7A;\n    font-family:\"Roboto\", system-ui, -apple-system, Segoe UI, Arial, sans-serif;\n    text-align:center;\n    margin: clamp(12px,2vw,24px) 0;\n  }\n  .addr-title{\n    margin: 0 0 .5rem;\n    font-weight:700;\n    color:var(--title);\n    font-size: clamp(20px, 2.2vw, 28px);\n    line-height:1.15;\n    letter-spacing:.02em;\n  }\n  .addr-line{\n    display:inline-flex;\n    align-items:flex-start;\n    justify-content:center;\n    gap:10px;\n  }\n  .addr-pin{\n    width:18px; height:18px;\n    color:var(--gold);\n    flex:none;\n    margin-top:2px;\n  }\n  .addr-text{\n    position:relative;\n    padding-left:12px;              \/* espace pour le liser\u00e9 *\/\n    text-align:left;                \/* texte lisible tout en restant centr\u00e9 globalement *\/\n    color:var(--text);\n    font-weight:300;                \/* Roboto 300 *\/\n    line-height:1.65;\n  }\n  .addr-text::before{\n    content:\"\";\n    position:absolute; left:0; top:.15em; bottom:.15em;\n    width:3px; border-radius:2px;\n    background:linear-gradient(180deg, var(--gold), var(--gold2));\n  }\n  .addr-text .name{\n    display:block;\n    font-weight:700;\n    color:var(--title);\n    margin-bottom:2px;\n  }\n<\/style>\n\n<section class=\"addr-block\" role=\"contentinfo\" aria-label=\"Address\">\n  <h2 class=\"addr-title\">Address<\/h2>\n\n  <address class=\"addr-line\" itemscope itemtype=\"https:\/\/schema.org\/PostalAddress\">\n    <!-- Ic\u00f4ne \u201cpin\u201d dor\u00e9e -->\n    <svg class=\"addr-pin\" viewbox=\"0 0 24 24\" aria-hidden=\"true\">\n      <path fill=\"currentColor\" d=\"M12 2a8 8 0 0 0-8 8c0 5.25 8 12 8 12s8-6.75 8-12a8 8 0 0 0-8-8zm0 11a3 3 0 1 1 0-6 3 3 0 0 1 0 6z\"\/>\n    <\/svg>\n\n    <div class=\"addr-text\">\n      <span class=\"name\" itemprop=\"name\"> Villa Amance<\/span>\n      <span itemprop=\"streetAddress\">17 rue des Saules Martinets<\/span><br>\n      <span itemprop=\"postalCode\">10500<\/span>\n      <span itemprop=\"addressLocality\">LESMONT<\/span>\n    <\/div>\n  <\/address>\n<\/section>\n<!-- ===== \/Adresse ===== -->\n\t\t\t\t<\/div>\n\t\t\t\t<div class=\"elementor-element elementor-element-5617971 elementor-widget elementor-widget-html\" data-id=\"5617971\" data-element_type=\"widget\" data-e-type=\"widget\" data-widget_type=\"html.default\">\n\t\t\t\t\t<!-- ===== Adresse (bloc autonome) ===== -->\n<link href=\"https:\/\/fonts.googleapis.com\/css2?family=Roboto:wght@300;700&display=swap\" rel=\"stylesheet\">\n<style>\n  .addr-block{\n    --gold:#C9A24F;\n    --gold2:#E4C76F;\n    --title:#0F1214;\n    --text:#7A7A7A;\n    font-family:\"Roboto\", system-ui, -apple-system, Segoe UI, Arial, sans-serif;\n    text-align:center;\n    margin: clamp(12px,2vw,24px) 0;\n  }\n  .addr-title{\n    margin: 0 0 .5rem;\n    font-weight:700;\n    color:var(--title);\n    font-size: clamp(20px, 2.2vw, 28px);\n    line-height:1.15;\n    letter-spacing:.02em;\n  }\n  .addr-line{\n    display:inline-flex;\n    align-items:flex-start;\n    justify-content:center;\n    gap:10px;\n  }\n  .addr-pin{\n    width:18px; height:18px;\n    color:var(--gold);\n    flex:none;\n    margin-top:2px;\n  }\n  .addr-text{\n    position:relative;\n    padding-left:12px;              \/* espace pour le liser\u00e9 *\/\n    text-align:left;                \/* texte lisible tout en restant centr\u00e9 globalement *\/\n    color:var(--text);\n    font-weight:300;                \/* Roboto 300 *\/\n    line-height:1.65;\n  }\n  .addr-text::before{\n    content:\"\";\n    position:absolute; left:0; top:.15em; bottom:.15em;\n    width:3px; border-radius:2px;\n    background:linear-gradient(180deg, var(--gold), var(--gold2));\n  }\n  .addr-text .name{\n    display:block;\n    font-weight:700;\n    color:var(--title);\n    margin-bottom:2px;\n  }\n<\/style>\n\n<section class=\"addr-block\" role=\"contentinfo\" aria-label=\"Address\">\n  <h2 class=\"addr-title\">Address<\/h2>\n\n  <address class=\"addr-line\" itemscope itemtype=\"https:\/\/schema.org\/PostalAddress\">\n    <!-- Ic\u00f4ne \u201cpin\u201d dor\u00e9e -->\n    <svg class=\"addr-pin\" viewbox=\"0 0 24 24\" aria-hidden=\"true\">\n      <path fill=\"currentColor\" d=\"M12 2a8 8 0 0 0-8 8c0 5.25 8 12 8 12s8-6.75 8-12a8 8 0 0 0-8-8zm0 11a3 3 0 1 1 0-6 3 3 0 0 1 0 6z\"\/>\n    <\/svg>\n\n    <div class=\"addr-text\">\n      <span class=\"name\" itemprop=\"name\">Villa Temple<\/span>\n      <span itemprop=\"streetAddress\">21 rue des Saules Martinets<\/span><br>\n      <span itemprop=\"postalCode\">10500<\/span>\n      <span itemprop=\"addressLocality\">LESMONT<\/span>\n    <\/div>\n  <\/address>\n<\/section>\n<!-- ===== \/Adresse ===== -->\n\t\t\t\t<\/div>\n\t\t\t\t<\/div>\n\t\t<div class=\"elementor-element elementor-element-031205a e-con-full e-flex e-con e-child\" data-id=\"031205a\" data-element_type=\"container\" data-e-type=\"container\">\n\t\t\t\t<div class=\"elementor-element elementor-element-850931e elementor-widget elementor-widget-google_maps\" data-id=\"850931e\" data-element_type=\"widget\" data-e-type=\"widget\" data-widget_type=\"google_maps.default\">\n\t\t\t\t\t\t\t<div class=\"elementor-custom-embed\">\n\t\t\t<iframe loading=\"lazy\"\n\t\t\t\t\tsrc=\"https:\/\/maps.google.com\/maps?q=les%20villas%20des%20lacs&#038;t=m&#038;z=13&#038;output=embed&#038;iwloc=near\"\n\t\t\t\t\ttitle=\"les villas des lacs\"\n\t\t\t\t\taria-label=\"les villas des lacs\"\n\t\t\t><\/iframe>\n\t\t<\/div>\n\t\t\t\t\t\t<\/div>\n\t\t\t\t<\/div>\n\t\t\t\t\t<\/div>\n\t\t\t\t<\/div>\n\t\t\t\t<\/div>\n\t\t\t\t<\/div>","protected":false},"excerpt":{"rendered":"<p>ACCES ET PLAN Consultez le plan d\u2019acc\u00e8s aux Villas des Lacs pr\u00e8s des lacs d\u2019Orient, dans la Champagne \u2013 Aube. Que vous arriviez en voiture depuis Paris ou depuis la r\u00e9gion, ce guide d\u2019acc\u00e8s vous accompagnera Pour aller \u00e0 Lesmont (10500), il faut d\u00e9j\u00e0 savoir que le village se situe dans le d\u00e9partement de l\u2019Aube, [&hellip;]<\/p>\n","protected":false},"author":1,"featured_media":0,"parent":0,"menu_order":0,"comment_status":"closed","ping_status":"closed","template":"","meta":{"footnotes":""},"folder":[],"class_list":["post-1672","page","type-page","status-publish","hentry"],"yoast_head":"<!-- This site is optimized with the Yoast SEO plugin v27.5 - https:\/\/yoast.com\/product\/yoast-seo-wordpress\/ -->\n<title>Plan &amp; Acc\u00e8s \u2013 Les Villas des Lacs<\/title>\n<meta name=\"description\" content=\"Trouvez le plan et les indications d\u2019acc\u00e8s pour rejoindre Les Villas des Lacs, \u00e0 proximit\u00e9 des lacs d\u2019Orient, Champagne \u2013 Aube.\" \/>\n<meta name=\"robots\" content=\"index, follow, max-snippet:-1, max-image-preview:large, max-video-preview:-1\" \/>\n<link rel=\"canonical\" href=\"https:\/\/lesvillasdeslacs.fr\/en\/plan\/\" \/>\n<meta property=\"og:locale\" content=\"en_US\" \/>\n<meta property=\"og:type\" content=\"article\" \/>\n<meta property=\"og:title\" content=\"Plan &amp; Acc\u00e8s \u2013 Les Villas des Lacs\" \/>\n<meta property=\"og:description\" content=\"Trouvez le plan et les indications d\u2019acc\u00e8s pour rejoindre Les Villas des Lacs, \u00e0 proximit\u00e9 des lacs d\u2019Orient, Champagne \u2013 Aube.\" \/>\n<meta property=\"og:url\" content=\"https:\/\/lesvillasdeslacs.fr\/en\/plan\/\" \/>\n<meta property=\"og:site_name\" content=\"Villas Des Lacs\" \/>\n<meta property=\"article:publisher\" content=\"https:\/\/www.facebook.com\/people\/Les-Villas-des-lacs\/100063623077930\/?rdid=8hRY7rM0svHDg7yj&amp;share_url=httpswww.facebook.comshare1aedNAuHzM\" \/>\n<meta property=\"article:modified_time\" content=\"2025-10-16T08:20:06+00:00\" \/>\n<meta name=\"twitter:card\" content=\"summary_large_image\" \/>\n<meta name=\"twitter:label1\" content=\"Est. reading time\" \/>\n\t<meta name=\"twitter:data1\" content=\"2 minutes\" \/>\n<script type=\"application\/ld+json\" class=\"yoast-schema-graph\">{\"@context\":\"https:\\\/\\\/schema.org\",\"@graph\":[{\"@type\":\"WebPage\",\"@id\":\"https:\\\/\\\/lesvillasdeslacs.fr\\\/plan\\\/\",\"url\":\"https:\\\/\\\/lesvillasdeslacs.fr\\\/plan\\\/\",\"name\":\"Plan & Acc\u00e8s \u2013 Les Villas des Lacs\",\"isPartOf\":{\"@id\":\"https:\\\/\\\/lesvillasdeslacs.fr\\\/#website\"},\"datePublished\":\"2025-09-22T13:20:07+00:00\",\"dateModified\":\"2025-10-16T08:20:06+00:00\",\"description\":\"Trouvez le plan et les indications d\u2019acc\u00e8s pour rejoindre Les Villas des Lacs, \u00e0 proximit\u00e9 des lacs d\u2019Orient, Champagne \u2013 Aube.\",\"breadcrumb\":{\"@id\":\"https:\\\/\\\/lesvillasdeslacs.fr\\\/plan\\\/#breadcrumb\"},\"inLanguage\":\"en-US\",\"potentialAction\":[{\"@type\":\"ReadAction\",\"target\":[\"https:\\\/\\\/lesvillasdeslacs.fr\\\/plan\\\/\"]}]},{\"@type\":\"BreadcrumbList\",\"@id\":\"https:\\\/\\\/lesvillasdeslacs.fr\\\/plan\\\/#breadcrumb\",\"itemListElement\":[{\"@type\":\"ListItem\",\"position\":1,\"name\":\"Accueil\",\"item\":\"https:\\\/\\\/lesvillasdeslacs.fr\\\/\"},{\"@type\":\"ListItem\",\"position\":2,\"name\":\"Plan\"}]},{\"@type\":\"WebSite\",\"@id\":\"https:\\\/\\\/lesvillasdeslacs.fr\\\/#website\",\"url\":\"https:\\\/\\\/lesvillasdeslacs.fr\\\/\",\"name\":\"Villas Des Lacs\",\"description\":\"Villas de charme en Champagne\",\"publisher\":{\"@id\":\"https:\\\/\\\/lesvillasdeslacs.fr\\\/#organization\"},\"potentialAction\":[{\"@type\":\"SearchAction\",\"target\":{\"@type\":\"EntryPoint\",\"urlTemplate\":\"https:\\\/\\\/lesvillasdeslacs.fr\\\/?s={search_term_string}\"},\"query-input\":{\"@type\":\"PropertyValueSpecification\",\"valueRequired\":true,\"valueName\":\"search_term_string\"}}],\"inLanguage\":\"en-US\"},{\"@type\":\"Organization\",\"@id\":\"https:\\\/\\\/lesvillasdeslacs.fr\\\/#organization\",\"name\":\"Villas Des Lacs\",\"url\":\"https:\\\/\\\/lesvillasdeslacs.fr\\\/\",\"logo\":{\"@type\":\"ImageObject\",\"inLanguage\":\"en-US\",\"@id\":\"https:\\\/\\\/lesvillasdeslacs.fr\\\/#\\\/schema\\\/logo\\\/image\\\/\",\"url\":\"https:\\\/\\\/lesvillasdeslacs.fr\\\/wp-content\\\/uploads\\\/2025\\\/07\\\/logo-villa-des-lacs-horizontal-recadre.webp\",\"contentUrl\":\"https:\\\/\\\/lesvillasdeslacs.fr\\\/wp-content\\\/uploads\\\/2025\\\/07\\\/logo-villa-des-lacs-horizontal-recadre.webp\",\"width\":1421,\"height\":333,\"caption\":\"Villas Des Lacs\"},\"image\":{\"@id\":\"https:\\\/\\\/lesvillasdeslacs.fr\\\/#\\\/schema\\\/logo\\\/image\\\/\"},\"sameAs\":[\"https:\\\/\\\/www.facebook.com\\\/people\\\/Les-Villas-des-lacs\\\/100063623077930\\\/?rdid=8hRY7rM0svHDg7yj&share_url=httpswww.facebook.comshare1aedNAuHzM\",\"https:\\\/\\\/www.instagram.com\\\/les_villas_des_lacs\\\/\"]}]}<\/script>\n<!-- \/ Yoast SEO plugin. -->","yoast_head_json":{"title":"Plan & Acc\u00e8s \u2013 Les Villas des Lacs","description":"Trouvez le plan et les indications d\u2019acc\u00e8s pour rejoindre Les Villas des Lacs, \u00e0 proximit\u00e9 des lacs d\u2019Orient, Champagne \u2013 Aube.","robots":{"index":"index","follow":"follow","max-snippet":"max-snippet:-1","max-image-preview":"max-image-preview:large","max-video-preview":"max-video-preview:-1"},"canonical":"https:\/\/lesvillasdeslacs.fr\/en\/plan\/","og_locale":"en_US","og_type":"article","og_title":"Plan & Acc\u00e8s \u2013 Les Villas des Lacs","og_description":"Trouvez le plan et les indications d\u2019acc\u00e8s pour rejoindre Les Villas des Lacs, \u00e0 proximit\u00e9 des lacs d\u2019Orient, Champagne \u2013 Aube.","og_url":"https:\/\/lesvillasdeslacs.fr\/en\/plan\/","og_site_name":"Villas Des Lacs","article_publisher":"https:\/\/www.facebook.com\/people\/Les-Villas-des-lacs\/100063623077930\/?rdid=8hRY7rM0svHDg7yj&share_url=httpswww.facebook.comshare1aedNAuHzM","article_modified_time":"2025-10-16T08:20:06+00:00","twitter_card":"summary_large_image","twitter_misc":{"Est. reading time":"2 minutes"},"schema":{"@context":"https:\/\/schema.org","@graph":[{"@type":"WebPage","@id":"https:\/\/lesvillasdeslacs.fr\/plan\/","url":"https:\/\/lesvillasdeslacs.fr\/plan\/","name":"Plan & Acc\u00e8s \u2013 Les Villas des Lacs","isPartOf":{"@id":"https:\/\/lesvillasdeslacs.fr\/#website"},"datePublished":"2025-09-22T13:20:07+00:00","dateModified":"2025-10-16T08:20:06+00:00","description":"Trouvez le plan et les indications d\u2019acc\u00e8s pour rejoindre Les Villas des Lacs, \u00e0 proximit\u00e9 des lacs d\u2019Orient, Champagne \u2013 Aube.","breadcrumb":{"@id":"https:\/\/lesvillasdeslacs.fr\/plan\/#breadcrumb"},"inLanguage":"en-US","potentialAction":[{"@type":"ReadAction","target":["https:\/\/lesvillasdeslacs.fr\/plan\/"]}]},{"@type":"BreadcrumbList","@id":"https:\/\/lesvillasdeslacs.fr\/plan\/#breadcrumb","itemListElement":[{"@type":"ListItem","position":1,"name":"Accueil","item":"https:\/\/lesvillasdeslacs.fr\/"},{"@type":"ListItem","position":2,"name":"Plan"}]},{"@type":"WebSite","@id":"https:\/\/lesvillasdeslacs.fr\/#website","url":"https:\/\/lesvillasdeslacs.fr\/","name":"Villas Des Lacs","description":"Villas de charme en Champagne","publisher":{"@id":"https:\/\/lesvillasdeslacs.fr\/#organization"},"potentialAction":[{"@type":"SearchAction","target":{"@type":"EntryPoint","urlTemplate":"https:\/\/lesvillasdeslacs.fr\/?s={search_term_string}"},"query-input":{"@type":"PropertyValueSpecification","valueRequired":true,"valueName":"search_term_string"}}],"inLanguage":"en-US"},{"@type":"Organization","@id":"https:\/\/lesvillasdeslacs.fr\/#organization","name":"Villas Des Lacs","url":"https:\/\/lesvillasdeslacs.fr\/","logo":{"@type":"ImageObject","inLanguage":"en-US","@id":"https:\/\/lesvillasdeslacs.fr\/#\/schema\/logo\/image\/","url":"https:\/\/lesvillasdeslacs.fr\/wp-content\/uploads\/2025\/07\/logo-villa-des-lacs-horizontal-recadre.webp","contentUrl":"https:\/\/lesvillasdeslacs.fr\/wp-content\/uploads\/2025\/07\/logo-villa-des-lacs-horizontal-recadre.webp","width":1421,"height":333,"caption":"Villas Des Lacs"},"image":{"@id":"https:\/\/lesvillasdeslacs.fr\/#\/schema\/logo\/image\/"},"sameAs":["https:\/\/www.facebook.com\/people\/Les-Villas-des-lacs\/100063623077930\/?rdid=8hRY7rM0svHDg7yj&share_url=httpswww.facebook.comshare1aedNAuHzM","https:\/\/www.instagram.com\/les_villas_des_lacs\/"]}]}},"_links":{"self":[{"href":"https:\/\/lesvillasdeslacs.fr\/en\/wp-json\/wp\/v2\/pages\/1672","targetHints":{"allow":["GET"]}}],"collection":[{"href":"https:\/\/lesvillasdeslacs.fr\/en\/wp-json\/wp\/v2\/pages"}],"about":[{"href":"https:\/\/lesvillasdeslacs.fr\/en\/wp-json\/wp\/v2\/types\/page"}],"author":[{"embeddable":true,"href":"https:\/\/lesvillasdeslacs.fr\/en\/wp-json\/wp\/v2\/users\/1"}],"replies":[{"embeddable":true,"href":"https:\/\/lesvillasdeslacs.fr\/en\/wp-json\/wp\/v2\/comments?post=1672"}],"version-history":[{"count":73,"href":"https:\/\/lesvillasdeslacs.fr\/en\/wp-json\/wp\/v2\/pages\/1672\/revisions"}],"predecessor-version":[{"id":6341,"href":"https:\/\/lesvillasdeslacs.fr\/en\/wp-json\/wp\/v2\/pages\/1672\/revisions\/6341"}],"wp:attachment":[{"href":"https:\/\/lesvillasdeslacs.fr\/en\/wp-json\/wp\/v2\/media?parent=1672"}],"wp:term":[{"taxonomy":"folder","embeddable":true,"href":"https:\/\/lesvillasdeslacs.fr\/en\/wp-json\/wp\/v2\/folder?post=1672"}],"curies":[{"name":"wp","href":"https:\/\/api.w.org\/{rel}","templated":true}]}}